{"id":3872,"date":"2026-01-17T11:10:09","date_gmt":"2026-01-17T10:10:09","guid":{"rendered":"https:\/\/orthosportclinic.pl\/konin\/?page_id=3872"},"modified":"2026-01-17T11:10:12","modified_gmt":"2026-01-17T10:10:12","slug":"mgr-michal-roszak","status":"publish","type":"page","link":"https:\/\/orthosportclinic.pl\/konin\/mgr-michal-roszak\/","title":{"rendered":"Um\u00f3w wizyt\u0119 - Mgr Micha\u0142 Roszak"},"content":{"rendered":"","protected":false},"excerpt":{"rendered":"","protected":false},"author":5,"featured_media":233,"parent":0,"menu_order":0,"comment_status":"closed","ping_status":"closed","template":"","meta":{"_acf_changed":false,"footnotes":""},"class_list":["post-3872","page","type-page","status-publish","has-post-thumbnail","hentry"],"acf":[],"_links":{"self":[{"href":"https:\/\/orthosportclinic.pl\/konin\/wp-json\/wp\/v2\/pages\/3872","targetHints":{"allow":["GET"]}}],"collection":[{"href":"https:\/\/orthosportclinic.pl\/konin\/wp-json\/wp\/v2\/pages"}],"about":[{"href":"https:\/\/orthosportclinic.pl\/konin\/wp-json\/wp\/v2\/types\/page"}],"author":[{"embeddable":true,"href":"https:\/\/orthosportclinic.pl\/konin\/wp-json\/wp\/v2\/users\/5"}],"replies":[{"embeddable":true,"href":"https:\/\/orthosportclinic.pl\/konin\/wp-json\/wp\/v2\/comments?post=3872"}],"version-history":[{"count":1,"href":"https:\/\/orthosportclinic.pl\/konin\/wp-json\/wp\/v2\/pages\/3872\/revisions"}],"predecessor-version":[{"id":3873,"href":"https:\/\/orthosportclinic.pl\/konin\/wp-json\/wp\/v2\/pages\/3872\/revisions\/3873"}],"wp:featuredmedia":[{"embeddable":true,"href":"https:\/\/orthosportclinic.pl\/konin\/wp-json\/wp\/v2\/media\/233"}],"wp:attachment":[{"href":"https:\/\/orthosportclinic.pl\/konin\/wp-json\/wp\/v2\/media?parent=3872"}],"curies":[{"name":"wp","href":"https:\/\/api.w.org\/{rel}","templated":true}]}}