{"id":3340,"date":"2025-11-05T07:47:03","date_gmt":"2025-11-05T06:47:03","guid":{"rendered":"https:\/\/orthosportclinic.pl\/lodz\/?page_id=3340"},"modified":"2025-12-12T21:34:34","modified_gmt":"2025-12-12T20:34:34","slug":"operacje-szycia-badz-resekcji-lakotki","status":"publish","type":"page","link":"https:\/\/orthosportclinic.pl\/lodz\/operacje-szycia-badz-resekcji-lakotki\/","title":{"rendered":"Operacje szycia b\u0105d\u017a resekcji \u0142\u0105kotki"},"content":{"rendered":"","protected":false},"excerpt":{"rendered":"","protected":false},"author":5,"featured_media":0,"parent":0,"menu_order":0,"comment_status":"closed","ping_status":"closed","template":"","meta":{"_acf_changed":false,"footnotes":""},"class_list":["post-3340","page","type-page","status-publish","hentry"],"acf":[],"_links":{"self":[{"href":"https:\/\/orthosportclinic.pl\/lodz\/wp-json\/wp\/v2\/pages\/3340","targetHints":{"allow":["GET"]}}],"collection":[{"href":"https:\/\/orthosportclinic.pl\/lodz\/wp-json\/wp\/v2\/pages"}],"about":[{"href":"https:\/\/orthosportclinic.pl\/lodz\/wp-json\/wp\/v2\/types\/page"}],"author":[{"embeddable":true,"href":"https:\/\/orthosportclinic.pl\/lodz\/wp-json\/wp\/v2\/users\/5"}],"replies":[{"embeddable":true,"href":"https:\/\/orthosportclinic.pl\/lodz\/wp-json\/wp\/v2\/comments?post=3340"}],"version-history":[{"count":2,"href":"https:\/\/orthosportclinic.pl\/lodz\/wp-json\/wp\/v2\/pages\/3340\/revisions"}],"predecessor-version":[{"id":3691,"href":"https:\/\/orthosportclinic.pl\/lodz\/wp-json\/wp\/v2\/pages\/3340\/revisions\/3691"}],"wp:attachment":[{"href":"https:\/\/orthosportclinic.pl\/lodz\/wp-json\/wp\/v2\/media?parent=3340"}],"curies":[{"name":"wp","href":"https:\/\/api.w.org\/{rel}","templated":true}]}}