{"id":3389,"date":"2025-11-05T20:04:46","date_gmt":"2025-11-05T19:04:46","guid":{"rendered":"https:\/\/orthosportclinic.pl\/lodz\/?page_id=3389"},"modified":"2025-12-12T21:32:19","modified_gmt":"2025-12-12T20:32:19","slug":"naprawa-nierekonstrukcyjnych-uszkodzen-sciegien-stozka-rotatorow","status":"publish","type":"page","link":"https:\/\/orthosportclinic.pl\/lodz\/naprawa-nierekonstrukcyjnych-uszkodzen-sciegien-stozka-rotatorow\/","title":{"rendered":"Naprawa nierekonstrukcyjnych uszkodze\u0144 \u015bci\u0119gien sto\u017cka rotator\u00f3w"},"content":{"rendered":"","protected":false},"excerpt":{"rendered":"","protected":false},"author":5,"featured_media":0,"parent":0,"menu_order":0,"comment_status":"closed","ping_status":"closed","template":"","meta":{"_acf_changed":false,"footnotes":""},"class_list":["post-3389","page","type-page","status-publish","hentry"],"acf":[],"_links":{"self":[{"href":"https:\/\/orthosportclinic.pl\/lodz\/wp-json\/wp\/v2\/pages\/3389","targetHints":{"allow":["GET"]}}],"collection":[{"href":"https:\/\/orthosportclinic.pl\/lodz\/wp-json\/wp\/v2\/pages"}],"about":[{"href":"https:\/\/orthosportclinic.pl\/lodz\/wp-json\/wp\/v2\/types\/page"}],"author":[{"embeddable":true,"href":"https:\/\/orthosportclinic.pl\/lodz\/wp-json\/wp\/v2\/users\/5"}],"replies":[{"embeddable":true,"href":"https:\/\/orthosportclinic.pl\/lodz\/wp-json\/wp\/v2\/comments?post=3389"}],"version-history":[{"count":2,"href":"https:\/\/orthosportclinic.pl\/lodz\/wp-json\/wp\/v2\/pages\/3389\/revisions"}],"predecessor-version":[{"id":3684,"href":"https:\/\/orthosportclinic.pl\/lodz\/wp-json\/wp\/v2\/pages\/3389\/revisions\/3684"}],"wp:attachment":[{"href":"https:\/\/orthosportclinic.pl\/lodz\/wp-json\/wp\/v2\/media?parent=3389"}],"curies":[{"name":"wp","href":"https:\/\/api.w.org\/{rel}","templated":true}]}}