{"id":3395,"date":"2025-11-05T20:13:25","date_gmt":"2025-11-05T19:13:25","guid":{"rendered":"https:\/\/orthosportclinic.pl\/lodz\/?page_id=3395"},"modified":"2025-12-12T21:40:08","modified_gmt":"2025-12-12T20:40:08","slug":"reinsercja-przyczepu-sciegna-miesnia-piersiowego","status":"publish","type":"page","link":"https:\/\/orthosportclinic.pl\/lodz\/reinsercja-przyczepu-sciegna-miesnia-piersiowego\/","title":{"rendered":"Reinsercja przyczepu \u015bci\u0119gna mi\u0119\u015bnia piersiowego"},"content":{"rendered":"","protected":false},"excerpt":{"rendered":"","protected":false},"author":5,"featured_media":0,"parent":0,"menu_order":0,"comment_status":"closed","ping_status":"closed","template":"","meta":{"_acf_changed":false,"footnotes":""},"class_list":["post-3395","page","type-page","status-publish","hentry"],"acf":[],"_links":{"self":[{"href":"https:\/\/orthosportclinic.pl\/lodz\/wp-json\/wp\/v2\/pages\/3395","targetHints":{"allow":["GET"]}}],"collection":[{"href":"https:\/\/orthosportclinic.pl\/lodz\/wp-json\/wp\/v2\/pages"}],"about":[{"href":"https:\/\/orthosportclinic.pl\/lodz\/wp-json\/wp\/v2\/types\/page"}],"author":[{"embeddable":true,"href":"https:\/\/orthosportclinic.pl\/lodz\/wp-json\/wp\/v2\/users\/5"}],"replies":[{"embeddable":true,"href":"https:\/\/orthosportclinic.pl\/lodz\/wp-json\/wp\/v2\/comments?post=3395"}],"version-history":[{"count":2,"href":"https:\/\/orthosportclinic.pl\/lodz\/wp-json\/wp\/v2\/pages\/3395\/revisions"}],"predecessor-version":[{"id":3706,"href":"https:\/\/orthosportclinic.pl\/lodz\/wp-json\/wp\/v2\/pages\/3395\/revisions\/3706"}],"wp:attachment":[{"href":"https:\/\/orthosportclinic.pl\/lodz\/wp-json\/wp\/v2\/media?parent=3395"}],"curies":[{"name":"wp","href":"https:\/\/api.w.org\/{rel}","templated":true}]}}