{"id":3430,"date":"2025-11-10T09:51:19","date_gmt":"2025-11-10T08:51:19","guid":{"rendered":"https:\/\/orthosportclinic.pl\/lodz\/?page_id=3430"},"modified":"2025-12-12T21:35:34","modified_gmt":"2025-12-12T20:35:34","slug":"zastrzyk-z-osocza-bogatoplytkowego-lodz","status":"publish","type":"page","link":"https:\/\/orthosportclinic.pl\/lodz\/zastrzyk-z-osocza-bogatoplytkowego-lodz\/","title":{"rendered":"Osocze bogatop\u0142ytkowe \u0141\u00f3d\u017a"},"content":{"rendered":"","protected":false},"excerpt":{"rendered":"","protected":false},"author":5,"featured_media":0,"parent":0,"menu_order":0,"comment_status":"closed","ping_status":"closed","template":"","meta":{"_acf_changed":false,"footnotes":""},"class_list":["post-3430","page","type-page","status-publish","hentry"],"acf":[],"_links":{"self":[{"href":"https:\/\/orthosportclinic.pl\/lodz\/wp-json\/wp\/v2\/pages\/3430","targetHints":{"allow":["GET"]}}],"collection":[{"href":"https:\/\/orthosportclinic.pl\/lodz\/wp-json\/wp\/v2\/pages"}],"about":[{"href":"https:\/\/orthosportclinic.pl\/lodz\/wp-json\/wp\/v2\/types\/page"}],"author":[{"embeddable":true,"href":"https:\/\/orthosportclinic.pl\/lodz\/wp-json\/wp\/v2\/users\/5"}],"replies":[{"embeddable":true,"href":"https:\/\/orthosportclinic.pl\/lodz\/wp-json\/wp\/v2\/comments?post=3430"}],"version-history":[{"count":3,"href":"https:\/\/orthosportclinic.pl\/lodz\/wp-json\/wp\/v2\/pages\/3430\/revisions"}],"predecessor-version":[{"id":3694,"href":"https:\/\/orthosportclinic.pl\/lodz\/wp-json\/wp\/v2\/pages\/3430\/revisions\/3694"}],"wp:attachment":[{"href":"https:\/\/orthosportclinic.pl\/lodz\/wp-json\/wp\/v2\/media?parent=3430"}],"curies":[{"name":"wp","href":"https:\/\/api.w.org\/{rel}","templated":true}]}}