{"id":3468,"date":"2025-11-15T11:12:41","date_gmt":"2025-11-15T10:12:41","guid":{"rendered":"https:\/\/orthosportclinic.pl\/lodz\/?page_id=3468"},"modified":"2025-12-12T21:32:58","modified_gmt":"2025-12-12T20:32:58","slug":"neurochirurgia-lodz","status":"publish","type":"page","link":"https:\/\/orthosportclinic.pl\/lodz\/neurochirurgia-lodz\/","title":{"rendered":"Neurochirurgia \u0141\u00f3d\u017a"},"content":{"rendered":"","protected":false},"excerpt":{"rendered":"","protected":false},"author":5,"featured_media":0,"parent":0,"menu_order":0,"comment_status":"closed","ping_status":"closed","template":"","meta":{"_acf_changed":false,"footnotes":""},"class_list":["post-3468","page","type-page","status-publish","hentry"],"acf":[],"_links":{"self":[{"href":"https:\/\/orthosportclinic.pl\/lodz\/wp-json\/wp\/v2\/pages\/3468","targetHints":{"allow":["GET"]}}],"collection":[{"href":"https:\/\/orthosportclinic.pl\/lodz\/wp-json\/wp\/v2\/pages"}],"about":[{"href":"https:\/\/orthosportclinic.pl\/lodz\/wp-json\/wp\/v2\/types\/page"}],"author":[{"embeddable":true,"href":"https:\/\/orthosportclinic.pl\/lodz\/wp-json\/wp\/v2\/users\/5"}],"replies":[{"embeddable":true,"href":"https:\/\/orthosportclinic.pl\/lodz\/wp-json\/wp\/v2\/comments?post=3468"}],"version-history":[{"count":3,"href":"https:\/\/orthosportclinic.pl\/lodz\/wp-json\/wp\/v2\/pages\/3468\/revisions"}],"predecessor-version":[{"id":3686,"href":"https:\/\/orthosportclinic.pl\/lodz\/wp-json\/wp\/v2\/pages\/3468\/revisions\/3686"}],"wp:attachment":[{"href":"https:\/\/orthosportclinic.pl\/lodz\/wp-json\/wp\/v2\/media?parent=3468"}],"curies":[{"name":"wp","href":"https:\/\/api.w.org\/{rel}","templated":true}]}}