{"id":3619,"date":"2025-11-25T07:25:12","date_gmt":"2025-11-25T06:25:12","guid":{"rendered":"https:\/\/orthosportclinic.pl\/lodz\/?page_id=3619"},"modified":"2025-12-17T18:12:37","modified_gmt":"2025-12-17T17:12:37","slug":"magnetyczne-wydluzanie-konczyn","status":"publish","type":"page","link":"https:\/\/orthosportclinic.pl\/lodz\/magnetyczne-wydluzanie-konczyn\/","title":{"rendered":"MAGNETYCZNE WYD\u0141U\u017bANIE KO\u0143CZYN - PRECICE"},"content":{"rendered":"","protected":false},"excerpt":{"rendered":"","protected":false},"author":5,"featured_media":0,"parent":0,"menu_order":0,"comment_status":"closed","ping_status":"closed","template":"","meta":{"_acf_changed":false,"footnotes":""},"class_list":["post-3619","page","type-page","status-publish","hentry"],"acf":[],"_links":{"self":[{"href":"https:\/\/orthosportclinic.pl\/lodz\/wp-json\/wp\/v2\/pages\/3619","targetHints":{"allow":["GET"]}}],"collection":[{"href":"https:\/\/orthosportclinic.pl\/lodz\/wp-json\/wp\/v2\/pages"}],"about":[{"href":"https:\/\/orthosportclinic.pl\/lodz\/wp-json\/wp\/v2\/types\/page"}],"author":[{"embeddable":true,"href":"https:\/\/orthosportclinic.pl\/lodz\/wp-json\/wp\/v2\/users\/5"}],"replies":[{"embeddable":true,"href":"https:\/\/orthosportclinic.pl\/lodz\/wp-json\/wp\/v2\/comments?post=3619"}],"version-history":[{"count":2,"href":"https:\/\/orthosportclinic.pl\/lodz\/wp-json\/wp\/v2\/pages\/3619\/revisions"}],"predecessor-version":[{"id":3681,"href":"https:\/\/orthosportclinic.pl\/lodz\/wp-json\/wp\/v2\/pages\/3619\/revisions\/3681"}],"wp:attachment":[{"href":"https:\/\/orthosportclinic.pl\/lodz\/wp-json\/wp\/v2\/media?parent=3619"}],"curies":[{"name":"wp","href":"https:\/\/api.w.org\/{rel}","templated":true}]}}