{"id":3305,"date":"2025-10-24T17:43:27","date_gmt":"2025-10-24T15:43:27","guid":{"rendered":"https:\/\/orthosportclinic.pl\/warszawa\/?page_id=3305"},"modified":"2025-12-12T21:11:26","modified_gmt":"2025-12-12T20:11:26","slug":"dr-tomasz-gradzki","status":"publish","type":"page","link":"https:\/\/orthosportclinic.pl\/warszawa\/dr-tomasz-gradzki\/","title":{"rendered":"Um\u00f3w wizyt\u0119 - Dr Tomasz Gr\u0105dzki"},"content":{"rendered":"","protected":false},"excerpt":{"rendered":"","protected":false},"author":5,"featured_media":1506,"parent":0,"menu_order":0,"comment_status":"closed","ping_status":"closed","template":"","meta":{"_acf_changed":false,"footnotes":""},"class_list":["post-3305","page","type-page","status-publish","has-post-thumbnail","hentry"],"acf":[],"_links":{"self":[{"href":"https:\/\/orthosportclinic.pl\/warszawa\/wp-json\/wp\/v2\/pages\/3305","targetHints":{"allow":["GET"]}}],"collection":[{"href":"https:\/\/orthosportclinic.pl\/warszawa\/wp-json\/wp\/v2\/pages"}],"about":[{"href":"https:\/\/orthosportclinic.pl\/warszawa\/wp-json\/wp\/v2\/types\/page"}],"author":[{"embeddable":true,"href":"https:\/\/orthosportclinic.pl\/warszawa\/wp-json\/wp\/v2\/users\/5"}],"replies":[{"embeddable":true,"href":"https:\/\/orthosportclinic.pl\/warszawa\/wp-json\/wp\/v2\/comments?post=3305"}],"version-history":[{"count":2,"href":"https:\/\/orthosportclinic.pl\/warszawa\/wp-json\/wp\/v2\/pages\/3305\/revisions"}],"predecessor-version":[{"id":3701,"href":"https:\/\/orthosportclinic.pl\/warszawa\/wp-json\/wp\/v2\/pages\/3305\/revisions\/3701"}],"wp:featuredmedia":[{"embeddable":true,"href":"https:\/\/orthosportclinic.pl\/warszawa\/wp-json\/wp\/v2\/media\/1506"}],"wp:attachment":[{"href":"https:\/\/orthosportclinic.pl\/warszawa\/wp-json\/wp\/v2\/media?parent=3305"}],"curies":[{"name":"wp","href":"https:\/\/api.w.org\/{rel}","templated":true}]}}