{"id":3309,"date":"2025-10-24T17:51:18","date_gmt":"2025-10-24T15:51:18","guid":{"rendered":"https:\/\/orthosportclinic.pl\/warszawa\/?page_id=3309"},"modified":"2025-12-12T21:09:41","modified_gmt":"2025-12-12T20:09:41","slug":"dr-maciej-plonczak","status":"publish","type":"page","link":"https:\/\/orthosportclinic.pl\/warszawa\/dr-maciej-plonczak\/","title":{"rendered":"Um\u00f3w wizyt\u0119 - Dr Maciej P\u0142o\u0144czak"},"content":{"rendered":"","protected":false},"excerpt":{"rendered":"","protected":false},"author":5,"featured_media":2612,"parent":0,"menu_order":0,"comment_status":"closed","ping_status":"closed","template":"","meta":{"_acf_changed":false,"footnotes":""},"class_list":["post-3309","page","type-page","status-publish","has-post-thumbnail","hentry"],"acf":[],"_links":{"self":[{"href":"https:\/\/orthosportclinic.pl\/warszawa\/wp-json\/wp\/v2\/pages\/3309","targetHints":{"allow":["GET"]}}],"collection":[{"href":"https:\/\/orthosportclinic.pl\/warszawa\/wp-json\/wp\/v2\/pages"}],"about":[{"href":"https:\/\/orthosportclinic.pl\/warszawa\/wp-json\/wp\/v2\/types\/page"}],"author":[{"embeddable":true,"href":"https:\/\/orthosportclinic.pl\/warszawa\/wp-json\/wp\/v2\/users\/5"}],"replies":[{"embeddable":true,"href":"https:\/\/orthosportclinic.pl\/warszawa\/wp-json\/wp\/v2\/comments?post=3309"}],"version-history":[{"count":2,"href":"https:\/\/orthosportclinic.pl\/warszawa\/wp-json\/wp\/v2\/pages\/3309\/revisions"}],"predecessor-version":[{"id":3695,"href":"https:\/\/orthosportclinic.pl\/warszawa\/wp-json\/wp\/v2\/pages\/3309\/revisions\/3695"}],"wp:featuredmedia":[{"embeddable":true,"href":"https:\/\/orthosportclinic.pl\/warszawa\/wp-json\/wp\/v2\/media\/2612"}],"wp:attachment":[{"href":"https:\/\/orthosportclinic.pl\/warszawa\/wp-json\/wp\/v2\/media?parent=3309"}],"curies":[{"name":"wp","href":"https:\/\/api.w.org\/{rel}","templated":true}]}}