{"id":3315,"date":"2025-10-24T18:01:14","date_gmt":"2025-10-24T16:01:14","guid":{"rendered":"https:\/\/orthosportclinic.pl\/warszawa\/?page_id=3315"},"modified":"2025-12-12T21:14:04","modified_gmt":"2025-12-12T20:14:04","slug":"mgr-michal-klosinski","status":"publish","type":"page","link":"https:\/\/orthosportclinic.pl\/warszawa\/mgr-michal-klosinski\/","title":{"rendered":"Um\u00f3w wizyt\u0119 - Mgr Micha\u0142 K\u0142osi\u0144ski"},"content":{"rendered":"","protected":false},"excerpt":{"rendered":"","protected":false},"author":5,"featured_media":746,"parent":0,"menu_order":0,"comment_status":"closed","ping_status":"closed","template":"","meta":{"_acf_changed":false,"footnotes":""},"class_list":["post-3315","page","type-page","status-publish","has-post-thumbnail","hentry"],"acf":[],"_links":{"self":[{"href":"https:\/\/orthosportclinic.pl\/warszawa\/wp-json\/wp\/v2\/pages\/3315","targetHints":{"allow":["GET"]}}],"collection":[{"href":"https:\/\/orthosportclinic.pl\/warszawa\/wp-json\/wp\/v2\/pages"}],"about":[{"href":"https:\/\/orthosportclinic.pl\/warszawa\/wp-json\/wp\/v2\/types\/page"}],"author":[{"embeddable":true,"href":"https:\/\/orthosportclinic.pl\/warszawa\/wp-json\/wp\/v2\/users\/5"}],"replies":[{"embeddable":true,"href":"https:\/\/orthosportclinic.pl\/warszawa\/wp-json\/wp\/v2\/comments?post=3315"}],"version-history":[{"count":2,"href":"https:\/\/orthosportclinic.pl\/warszawa\/wp-json\/wp\/v2\/pages\/3315\/revisions"}],"predecessor-version":[{"id":3709,"href":"https:\/\/orthosportclinic.pl\/warszawa\/wp-json\/wp\/v2\/pages\/3315\/revisions\/3709"}],"wp:featuredmedia":[{"embeddable":true,"href":"https:\/\/orthosportclinic.pl\/warszawa\/wp-json\/wp\/v2\/media\/746"}],"wp:attachment":[{"href":"https:\/\/orthosportclinic.pl\/warszawa\/wp-json\/wp\/v2\/media?parent=3315"}],"curies":[{"name":"wp","href":"https:\/\/api.w.org\/{rel}","templated":true}]}}